{"id":41,"date":"2023-07-27T16:13:42","date_gmt":"2023-07-27T16:13:42","guid":{"rendered":"https:\/\/billyalibi.com\/?page_id=41"},"modified":"2023-07-27T16:24:48","modified_gmt":"2023-07-27T16:24:48","slug":"impressum","status":"publish","type":"page","link":"https:\/\/billyalibi.com\/index.php\/impressum\/","title":{"rendered":"Impressum"},"content":{"rendered":"\n<h1 class=\"wp-block-heading alignwide has-text-align-center has-vivid-red-color has-text-color\" id=\"we-re-a-studio-in-berlin-with-an-international-practice-in-architecture-urban-planning-and-interior-design-we-believe-in-sharing-knowledge-and-promoting-dialogue-to-increase-the-creative-potential-of-collaboration\" style=\"font-size:48px;line-height:1.1\"><strong>IMPRESSUM<\/strong><\/h1>\n\n\n\n<p class=\"has-background-color has-text-color\"><strong>Verantwortilch f\u00fcr den Inhalt:<\/strong><br>Billy Alibi<br>Merkurstrasse 20<br>CH-6210 Sursee<\/p>\n\n\n\n<p class=\"has-background-color has-text-color\">info@billyalibi.com<br>&nbsp;<br><strong>Programmierung, Webmaster:<\/strong><br>Billy Alibi<\/p>\n\n\n\n<p class=\"has-background-color has-text-color\"><br><strong>Rechtliches<\/strong><br><br>1. Zweck<br>Die Website von Billy Alibi, CH-6210 Sursee (nachstehend: \u00abBilly Alibi\u00bb) wie auch die darin enthaltenen und referenzierten Informationen dienen ausschliesslich Informationszwecken.<br><br>2. Urheberrecht<br>Jegliche Wiedergabe, Weiter\u00fcbertragung oder sonstiger Gebrauch der Information auf dieser Website ist untersagt.&nbsp;<br><br>3. Enthaftung<br>Billy Alibi bem\u00fcht sich um richtige und aktualisierte Informationen auf ihrer Website. Indes \u00fcbernimmt Billy Alibi keinerlei Garantien oder Zusicherungen betr. Richtigkeit, Vollst\u00e4ndigkeit, Tauglichkeit etc. der in der Website enthaltenen bzw. referenzierten Informationen. Der Zugang und die Benutzung der Website wie auch jeder darin enthaltenen bzw. referenzierten Informationen geschehen in der alleinigen Verantwortung des Benutzers. Weder Billy Alibi noch irgendeine Person oder ein Unternehmen, welches bei der Herstellung, bei der Informationseingabe oder bei der Informationsweitergabe dieser Website involviert sind, sind in irgendwelcher Art und Weise haftbar f\u00fcr irgendwelche Sch\u00e4den im Zusammenhang mit dem Zugang, der Benutzung wie auch allf\u00e4lligen St\u00f6rungen bei der Ben\u00fctzung oder irgendwelchen Irrt\u00fcmern oder Unterlassungen betr. den Inhalt der Website.<br><br>Des weiteren ist Billy Alibi nicht verantwortlich f\u00fcr allf\u00e4llige unangemessene, nutzlose oder nachteilige Investitionen oder Aufwendungen im Zusammenhang mit dem Zugang, dem Gebrauch oder allf\u00e4lligen St\u00f6rungen im Gebrauch der Website.&nbsp;<br><br><br>4. \u00c4nderungen<br>Billy Alibi beh\u00e4lt sich das Recht vor, jederzeit aus welchem Grund und in welcher Art auch immer den Inhalt dieser Website ohne vorgehende Ank\u00fcndigung zu \u00e4ndern, insbesondere auch die darin erw\u00e4hnten Ausr\u00fcstungen, Produkte, Spezifikationen, Preise und\/oder Verf\u00fcgbarkeit.<br>Billy Alibi lehnt jegliche Verantwortung ab f\u00fcr irgendwelche Folgen aus solchen \u00c4nderungen.&nbsp;<br><br><br>5. Anwendbares Recht<br>Inhalt und Gebrauch dieser Website sind in jeglicher Hinsicht schweizerischem Recht unterworfen. Ist ein Passus dieser Rechtsgrunds\u00e4tze ung\u00fcltig, so bleiben die Rechtsgrunds\u00e4tze insgesamt unangetastet g\u00fcltig.<\/p>\n\n\n\n<p><\/p>\n\n\n\n<div class=\"wp-block-columns is-layout-flex wp-container-core-columns-is-layout-28f84493 wp-block-columns-is-layout-flex\">\n<div class=\"wp-block-column is-layout-flow wp-block-column-is-layout-flow\"><\/div>\n\n\n\n<div class=\"wp-block-column is-layout-flow wp-block-column-is-layout-flow\">\n<figure class=\"wp-block-image size-large\"><img loading=\"lazy\" decoding=\"async\" width=\"1024\" height=\"845\" src=\"https:\/\/billyalibi.com\/wp-content\/uploads\/2023\/07\/logo_trsp_bgr-1024x845.png\" alt=\"\" class=\"wp-image-15\" srcset=\"https:\/\/billyalibi.com\/wp-content\/uploads\/2023\/07\/logo_trsp_bgr-1024x845.png 1024w, https:\/\/billyalibi.com\/wp-content\/uploads\/2023\/07\/logo_trsp_bgr-300x248.png 300w, https:\/\/billyalibi.com\/wp-content\/uploads\/2023\/07\/logo_trsp_bgr-768x634.png 768w, https:\/\/billyalibi.com\/wp-content\/uploads\/2023\/07\/logo_trsp_bgr-1536x1268.png 1536w, https:\/\/billyalibi.com\/wp-content\/uploads\/2023\/07\/logo_trsp_bgr-2048x1690.png 2048w\" sizes=\"auto, (max-width: 1024px) 100vw, 1024px\" \/><\/figure>\n<\/div>\n\n\n\n<div class=\"wp-block-column is-layout-flow wp-block-column-is-layout-flow\"><\/div>\n<\/div>\n\n\n\n<h2 class=\"wp-block-heading\"><\/h2>\n","protected":false},"excerpt":{"rendered":"<p>IMPRESSUM Verantwortilch f\u00fcr den Inhalt:Billy AlibiMerkurstrasse 20CH-6210 Sursee info@billyalibi.com&nbsp;Programmierung, Webmaster:Billy Alibi Rechtliches 1. ZweckDie Website von Billy Alibi, CH-6210 Sursee (nachstehend: \u00abBilly Alibi\u00bb) wie auch die darin enthaltenen und referenzierten Informationen dienen ausschliesslich Informationszwecken. 2. UrheberrechtJegliche Wiedergabe, Weiter\u00fcbertragung oder sonstiger Gebrauch der Information auf dieser Website ist untersagt.&nbsp; 3. EnthaftungBilly Alibi bem\u00fcht sich um richtige [&hellip;]<\/p>\n","protected":false},"author":1,"featured_media":0,"parent":0,"menu_order":0,"comment_status":"closed","ping_status":"closed","template":"blank","meta":{"footnotes":""},"class_list":["post-41","page","type-page","status-publish","hentry"],"_links":{"self":[{"href":"https:\/\/billyalibi.com\/index.php\/wp-json\/wp\/v2\/pages\/41","targetHints":{"allow":["GET"]}}],"collection":[{"href":"https:\/\/billyalibi.com\/index.php\/wp-json\/wp\/v2\/pages"}],"about":[{"href":"https:\/\/billyalibi.com\/index.php\/wp-json\/wp\/v2\/types\/page"}],"author":[{"embeddable":true,"href":"https:\/\/billyalibi.com\/index.php\/wp-json\/wp\/v2\/users\/1"}],"replies":[{"embeddable":true,"href":"https:\/\/billyalibi.com\/index.php\/wp-json\/wp\/v2\/comments?post=41"}],"version-history":[{"count":4,"href":"https:\/\/billyalibi.com\/index.php\/wp-json\/wp\/v2\/pages\/41\/revisions"}],"predecessor-version":[{"id":87,"href":"https:\/\/billyalibi.com\/index.php\/wp-json\/wp\/v2\/pages\/41\/revisions\/87"}],"wp:attachment":[{"href":"https:\/\/billyalibi.com\/index.php\/wp-json\/wp\/v2\/media?parent=41"}],"curies":[{"name":"wp","href":"https:\/\/api.w.org\/{rel}","templated":true}]}}